{"id":264,"date":"2021-06-24T12:24:09","date_gmt":"2021-06-24T10:24:09","guid":{"rendered":"https:\/\/tc-effects.com\/?page_id=264"},"modified":"2022-03-27T20:41:36","modified_gmt":"2022-03-27T18:41:36","slug":"impressum","status":"publish","type":"page","link":"https:\/\/tc-effects.com\/en\/impressum\/","title":{"rendered":"Impressum"},"content":{"rendered":"<div data-elementor-type=\"wp-page\" data-elementor-id=\"264\" class=\"elementor elementor-264\">\n\t\t\t\t\t\t<section class=\"elementor-section elementor-top-section elementor-element elementor-element-b0309dc elementor-section-boxed elementor-section-height-default elementor-section-height-default\" data-id=\"b0309dc\" data-element_type=\"section\" data-e-type=\"section\" data-settings=\"{&quot;jet_parallax_layout_list&quot;:[]}\">\n\t\t\t\t\t\t<div class=\"elementor-container elementor-column-gap-default\">\n\t\t\t\t\t<div class=\"elementor-column elementor-col-100 elementor-top-column elementor-element elementor-element-d81a4ba\" data-id=\"d81a4ba\" data-element_type=\"column\" data-e-type=\"column\">\n\t\t\t<div class=\"elementor-widget-wrap elementor-element-populated\">\n\t\t\t\t\t\t<div class=\"elementor-element elementor-element-31e3f21 elementor-widget elementor-widget-heading\" data-id=\"31e3f21\" data-element_type=\"widget\" data-e-type=\"widget\" data-widget_type=\"heading.default\">\n\t\t\t\t<div class=\"elementor-widget-container\">\n\t\t\t\t\t<h2 class=\"elementor-heading-title elementor-size-default\">Impressum<\/h2>\t\t\t\t<\/div>\n\t\t\t\t<\/div>\n\t\t\t\t\t<\/div>\n\t\t<\/div>\n\t\t\t\t\t<\/div>\n\t\t<\/section>\n\t\t\t\t<section class=\"elementor-section elementor-top-section elementor-element elementor-element-2f5eeeb elementor-section-boxed elementor-section-height-default elementor-section-height-default\" data-id=\"2f5eeeb\" data-element_type=\"section\" data-e-type=\"section\" data-settings=\"{&quot;jet_parallax_layout_list&quot;:[]}\">\n\t\t\t\t\t\t<div class=\"elementor-container elementor-column-gap-default\">\n\t\t\t\t\t<div class=\"elementor-column elementor-col-100 elementor-top-column elementor-element elementor-element-6ce70f9\" data-id=\"6ce70f9\" data-element_type=\"column\" data-e-type=\"column\">\n\t\t\t<div class=\"elementor-widget-wrap elementor-element-populated\">\n\t\t\t\t\t\t<div class=\"elementor-element elementor-element-27ec2d2 elementor-widget elementor-widget-text-editor\" data-id=\"27ec2d2\" data-element_type=\"widget\" data-e-type=\"widget\" data-widget_type=\"text-editor.default\">\n\t\t\t\t<div class=\"elementor-widget-container\">\n\t\t\t\t\t\t\t\t\t<p>Diese Seiten sind erstellt worden, und damit auch inhaltlich verwantwortlich im Sinne des TMG, durch:<br \/><b><br \/>Twilight Creations GbR\u00a0<\/b><br \/>Kopenhagener Str. 35-57<br \/>13407 Berlin<\/p><p><b>Tel.:<\/b><br \/>0049-30-41403007<\/p><p><b>Mobile.:<\/b><br \/>0049-151-29162829<\/p><p>www.tc-effects.com<br \/><a href=\"mailto:info@tc-effects.com\">info@tc-effects.com<\/a><\/p><p><b>Gesch\u00e4ftsf\u00fchrer:<\/b><br \/>J\u00f6rn Seifert<br \/>Tamar Aviv<\/p><p><b>Umsatzsteuer ID:<\/b><br \/>DE244200791<br \/><span style=\"color: var( --e-global-color-f6ea5bd ); font-size: 1rem;\">Umsatzsteuer-Identifikationsnummer gem\u00e4\u00df \u00a727a Umsatzsteuergesetz<\/span><\/p>\t\t\t\t\t\t\t\t<\/div>\n\t\t\t\t<\/div>\n\t\t\t\t\t<\/div>\n\t\t<\/div>\n\t\t\t\t\t<\/div>\n\t\t<\/section>\n\t\t\t\t<\/div>","protected":false},"excerpt":{"rendered":"<p>Impressum Diese Seiten sind erstellt worden, und damit auch inhaltlich verwantwortlich im Sinne des TMG, durch: Twilight Creations GbR&nbsp; Kopenhagener Str. 35-57 13407 Berlin Tel.: 0049-30-41403007 Mobile.: 0049-151-29162829 www.tc-effects.com info@tc-effects.com Gesch\u00e4ftsf\u00fchrer: J\u00f6rn Seifert Tamar Aviv Umsatzsteuer ID: DE244200791 Umsatzsteuer-Identifikationsnummer gem\u00e4\u00df \u00a727a Umsatzsteuergesetz<\/p>","protected":false},"author":1,"featured_media":0,"parent":0,"menu_order":0,"comment_status":"closed","ping_status":"closed","template":"","meta":{"footnotes":""},"class_list":["post-264","page","type-page","status-publish","hentry"],"yoast_head":"<!-- This site is optimized with the Yoast SEO plugin v27.4 - https:\/\/yoast.com\/product\/yoast-seo-wordpress\/ -->\n<title>Impressum - Twilight Creations Berlin<\/title>\n<meta name=\"description\" content=\"Impressum - Twilight Creations Berlin\" \/>\n<meta name=\"robots\" content=\"index, follow, max-snippet:-1, max-image-preview:large, max-video-preview:-1\" \/>\n<link rel=\"canonical\" href=\"https:\/\/tc-effects.com\/en\/impressum\/\" \/>\n<meta property=\"og:locale\" content=\"en_US\" \/>\n<meta property=\"og:type\" content=\"article\" \/>\n<meta property=\"og:title\" content=\"Impressum - Twilight Creations Berlin\" \/>\n<meta property=\"og:description\" content=\"Impressum - Twilight Creations Berlin\" \/>\n<meta property=\"og:url\" content=\"https:\/\/tc-effects.com\/en\/impressum\/\" \/>\n<meta property=\"og:site_name\" content=\"tc-effects.com\" \/>\n<meta property=\"article:modified_time\" content=\"2022-03-27T18:41:36+00:00\" \/>\n<meta name=\"twitter:card\" content=\"summary_large_image\" \/>\n<meta name=\"twitter:label1\" content=\"Est. reading time\" \/>\n\t<meta name=\"twitter:data1\" content=\"1 minute\" \/>\n<script type=\"application\/ld+json\" class=\"yoast-schema-graph\">{\"@context\":\"https:\\\/\\\/schema.org\",\"@graph\":[{\"@type\":\"WebPage\",\"@id\":\"https:\\\/\\\/tc-effects.com\\\/impressum\\\/\",\"url\":\"https:\\\/\\\/tc-effects.com\\\/impressum\\\/\",\"name\":\"Impressum - Twilight Creations Berlin\",\"isPartOf\":{\"@id\":\"https:\\\/\\\/tc-effects.com\\\/#website\"},\"datePublished\":\"2021-06-24T10:24:09+00:00\",\"dateModified\":\"2022-03-27T18:41:36+00:00\",\"description\":\"Impressum - Twilight Creations Berlin\",\"breadcrumb\":{\"@id\":\"https:\\\/\\\/tc-effects.com\\\/impressum\\\/#breadcrumb\"},\"inLanguage\":\"en-US\",\"potentialAction\":[{\"@type\":\"ReadAction\",\"target\":[\"https:\\\/\\\/tc-effects.com\\\/impressum\\\/\"]}]},{\"@type\":\"BreadcrumbList\",\"@id\":\"https:\\\/\\\/tc-effects.com\\\/impressum\\\/#breadcrumb\",\"itemListElement\":[{\"@type\":\"ListItem\",\"position\":1,\"name\":\"Startseite\",\"item\":\"https:\\\/\\\/tc-effects.com\\\/\"},{\"@type\":\"ListItem\",\"position\":2,\"name\":\"Impressum\"}]},{\"@type\":\"WebSite\",\"@id\":\"https:\\\/\\\/tc-effects.com\\\/#website\",\"url\":\"https:\\\/\\\/tc-effects.com\\\/\",\"name\":\"tc-effects.com\",\"description\":\"Make up SXF\",\"potentialAction\":[{\"@type\":\"SearchAction\",\"target\":{\"@type\":\"EntryPoint\",\"urlTemplate\":\"https:\\\/\\\/tc-effects.com\\\/?s={search_term_string}\"},\"query-input\":{\"@type\":\"PropertyValueSpecification\",\"valueRequired\":true,\"valueName\":\"search_term_string\"}}],\"inLanguage\":\"en-US\"}]}<\/script>\n<!-- \/ Yoast SEO plugin. -->","yoast_head_json":{"title":"Impressum - Twilight Creations Berlin","description":"Impressum - Twilight Creations Berlin","robots":{"index":"index","follow":"follow","max-snippet":"max-snippet:-1","max-image-preview":"max-image-preview:large","max-video-preview":"max-video-preview:-1"},"canonical":"https:\/\/tc-effects.com\/en\/impressum\/","og_locale":"en_US","og_type":"article","og_title":"Impressum - Twilight Creations Berlin","og_description":"Impressum - Twilight Creations Berlin","og_url":"https:\/\/tc-effects.com\/en\/impressum\/","og_site_name":"tc-effects.com","article_modified_time":"2022-03-27T18:41:36+00:00","twitter_card":"summary_large_image","twitter_misc":{"Est. reading time":"1 minute"},"schema":{"@context":"https:\/\/schema.org","@graph":[{"@type":"WebPage","@id":"https:\/\/tc-effects.com\/impressum\/","url":"https:\/\/tc-effects.com\/impressum\/","name":"Impressum - Twilight Creations Berlin","isPartOf":{"@id":"https:\/\/tc-effects.com\/#website"},"datePublished":"2021-06-24T10:24:09+00:00","dateModified":"2022-03-27T18:41:36+00:00","description":"Impressum - Twilight Creations Berlin","breadcrumb":{"@id":"https:\/\/tc-effects.com\/impressum\/#breadcrumb"},"inLanguage":"en-US","potentialAction":[{"@type":"ReadAction","target":["https:\/\/tc-effects.com\/impressum\/"]}]},{"@type":"BreadcrumbList","@id":"https:\/\/tc-effects.com\/impressum\/#breadcrumb","itemListElement":[{"@type":"ListItem","position":1,"name":"Startseite","item":"https:\/\/tc-effects.com\/"},{"@type":"ListItem","position":2,"name":"Impressum"}]},{"@type":"WebSite","@id":"https:\/\/tc-effects.com\/#website","url":"https:\/\/tc-effects.com\/","name":"tc-effects.com","description":"Make up SXF","potentialAction":[{"@type":"SearchAction","target":{"@type":"EntryPoint","urlTemplate":"https:\/\/tc-effects.com\/?s={search_term_string}"},"query-input":{"@type":"PropertyValueSpecification","valueRequired":true,"valueName":"search_term_string"}}],"inLanguage":"en-US"}]}},"_links":{"self":[{"href":"https:\/\/tc-effects.com\/en\/wp-json\/wp\/v2\/pages\/264","targetHints":{"allow":["GET"]}}],"collection":[{"href":"https:\/\/tc-effects.com\/en\/wp-json\/wp\/v2\/pages"}],"about":[{"href":"https:\/\/tc-effects.com\/en\/wp-json\/wp\/v2\/types\/page"}],"author":[{"embeddable":true,"href":"https:\/\/tc-effects.com\/en\/wp-json\/wp\/v2\/users\/1"}],"replies":[{"embeddable":true,"href":"https:\/\/tc-effects.com\/en\/wp-json\/wp\/v2\/comments?post=264"}],"version-history":[{"count":10,"href":"https:\/\/tc-effects.com\/en\/wp-json\/wp\/v2\/pages\/264\/revisions"}],"predecessor-version":[{"id":3052,"href":"https:\/\/tc-effects.com\/en\/wp-json\/wp\/v2\/pages\/264\/revisions\/3052"}],"wp:attachment":[{"href":"https:\/\/tc-effects.com\/en\/wp-json\/wp\/v2\/media?parent=264"}],"curies":[{"name":"wp","href":"https:\/\/api.w.org\/{rel}","templated":true}]}}