{"id":1581,"date":"2022-02-16T10:03:24","date_gmt":"2022-02-16T09:03:24","guid":{"rendered":"https:\/\/tc-effects.com\/?page_id=1581"},"modified":"2023-02-13T15:46:49","modified_gmt":"2023-02-13T14:46:49","slug":"online-training","status":"publish","type":"page","link":"https:\/\/tc-effects.com\/en\/online-training\/","title":{"rendered":"SFX group online training"},"content":{"rendered":"<div data-elementor-type=\"wp-page\" data-elementor-id=\"1581\" class=\"elementor elementor-1581\">\n\t\t\t\t\t\t<section class=\"elementor-section elementor-top-section elementor-element elementor-element-2c35287d elementor-section-boxed elementor-section-height-default elementor-section-height-default\" data-id=\"2c35287d\" data-element_type=\"section\" data-e-type=\"section\" data-settings=\"{&quot;jet_parallax_layout_list&quot;:[]}\">\n\t\t\t\t\t\t<div class=\"elementor-container elementor-column-gap-default\">\n\t\t\t\t\t<div class=\"elementor-column elementor-col-33 elementor-top-column elementor-element elementor-element-d0a5c12\" data-id=\"d0a5c12\" data-element_type=\"column\" data-e-type=\"column\">\n\t\t\t<div class=\"elementor-widget-wrap elementor-element-populated\">\n\t\t\t\t\t\t<div class=\"elementor-element elementor-element-5c4793c elementor-view-default elementor-widget elementor-widget-icon\" data-id=\"5c4793c\" data-element_type=\"widget\" data-e-type=\"widget\" data-widget_type=\"icon.default\">\n\t\t\t\t<div class=\"elementor-widget-container\">\n\t\t\t\t\t\t\t<div class=\"elementor-icon-wrapper\">\n\t\t\t<div class=\"elementor-icon\">\n\t\t\t<i aria-hidden=\"true\" class=\"fas fa-angle-double-right\"><\/i>\t\t\t<\/div>\n\t\t<\/div>\n\t\t\t\t\t\t<\/div>\n\t\t\t\t<\/div>\n\t\t\t\t\t<\/div>\n\t\t<\/div>\n\t\t\t\t<div class=\"elementor-column elementor-col-33 elementor-top-column elementor-element elementor-element-1dadd218\" data-id=\"1dadd218\" data-element_type=\"column\" data-e-type=\"column\">\n\t\t\t<div class=\"elementor-widget-wrap elementor-element-populated\">\n\t\t\t\t\t\t<div class=\"elementor-element elementor-element-559f7a4e elementor-widget elementor-widget-heading\" data-id=\"559f7a4e\" data-element_type=\"widget\" data-e-type=\"widget\" data-widget_type=\"heading.default\">\n\t\t\t\t<div class=\"elementor-widget-container\">\n\t\t\t\t\t<h2 class=\"elementor-heading-title elementor-size-default\">SFX group online training<\/h2>\t\t\t\t<\/div>\n\t\t\t\t<\/div>\n\t\t\t\t<div class=\"elementor-element elementor-element-1826af7c elementor-widget elementor-widget-text-editor\" data-id=\"1826af7c\" data-element_type=\"widget\" data-e-type=\"widget\" data-widget_type=\"text-editor.default\">\n\t\t\t\t<div class=\"elementor-widget-container\">\n\t\t\t\t\t\t\t\t\t<p>Live and online, you will learn the basics of applying and coloring prosthetics with Tamar Aviv in two parts.<br \/>In the first part, you'll get an overview of common materials, their advantages and disadvantages, and areas of application. We will also discuss the most important tools and products for convincing special effects.<br \/>In the second part there will be a live demonstration of application and coloring of a prosthetics to represent a wound.<\/p><p><strong>Price on demand<\/strong><br \/><strong>Location: Online<\/strong><\/p><p>\u00a0<\/p>\t\t\t\t\t\t\t\t<\/div>\n\t\t\t\t<\/div>\n\t\t\t\t<div class=\"elementor-element elementor-element-4e8aefd6 elementor-align-left elementor-widget elementor-widget-button\" data-id=\"4e8aefd6\" data-element_type=\"widget\" data-e-type=\"widget\" data-widget_type=\"button.default\">\n\t\t\t\t<div class=\"elementor-widget-container\">\n\t\t\t\t\t\t\t\t\t<div class=\"elementor-button-wrapper\">\n\t\t\t\t\t<a class=\"elementor-button elementor-button-link elementor-size-sm\" href=\"https:\/\/tc-effects.com\/en\/kontakt\/\">\n\t\t\t\t\t\t<span class=\"elementor-button-content-wrapper\">\n\t\t\t\t\t\t\t\t\t<span class=\"elementor-button-text\">KONTAKT &amp; ANFRAGE<\/span>\n\t\t\t\t\t<\/span>\n\t\t\t\t\t<\/a>\n\t\t\t\t<\/div>\n\t\t\t\t\t\t\t\t<\/div>\n\t\t\t\t<\/div>\n\t\t\t\t\t<\/div>\n\t\t<\/div>\n\t\t\t\t<div class=\"elementor-column elementor-col-33 elementor-top-column elementor-element elementor-element-3767b271\" data-id=\"3767b271\" data-element_type=\"column\" data-e-type=\"column\">\n\t\t\t<div class=\"elementor-widget-wrap elementor-element-populated\">\n\t\t\t\t\t\t<div class=\"elementor-element elementor-element-6763d691 elementor-widget elementor-widget-image\" data-id=\"6763d691\" data-element_type=\"widget\" data-e-type=\"widget\" data-widget_type=\"image.default\">\n\t\t\t\t<div class=\"elementor-widget-container\">\n\t\t\t\t\t\t\t\t\t\t\t\t\t\t\t<img fetchpriority=\"high\" decoding=\"async\" width=\"535\" height=\"719\" src=\"https:\/\/tc-effects.com\/wp-content\/uploads\/2022\/03\/Live-Online-Gruppentraining.jpg\" class=\"attachment-medium_large size-medium_large wp-image-2992\" alt=\"\" srcset=\"https:\/\/tc-effects.com\/wp-content\/uploads\/2022\/03\/Live-Online-Gruppentraining.jpg 535w, https:\/\/tc-effects.com\/wp-content\/uploads\/2022\/03\/Live-Online-Gruppentraining-223x300.jpg 223w, https:\/\/tc-effects.com\/wp-content\/uploads\/2022\/03\/Live-Online-Gruppentraining-9x12.jpg 9w\" sizes=\"(max-width: 535px) 100vw, 535px\" \/>\t\t\t\t\t\t\t\t\t\t\t\t\t\t\t<\/div>\n\t\t\t\t<\/div>\n\t\t\t\t\t<\/div>\n\t\t<\/div>\n\t\t\t\t\t<\/div>\n\t\t<\/section>\n\t\t\t\t<\/div>","protected":false},"excerpt":{"rendered":"<p>SFX Group Online-Training Live und online lernst du mit Tamar Aviv in zwei Teilen die Grundlagen der Applikation und des Kolorierens von Prosthetics.Im ersten Teil bekommst du einen \u00dcberblick \u00fcber die g\u00e4ngigen Materialien, ihre Vor- und Nachteile und Einsatzgebiete. Au\u00dferdem besprechen wir die wichtigsten Werkzeuge und Produkte f\u00fcr \u00fcberzeugende Spezialeffekte.Im zweiten Teil gibt es eine [&hellip;]<\/p>\n","protected":false},"author":1,"featured_media":0,"parent":0,"menu_order":0,"comment_status":"closed","ping_status":"closed","template":"","meta":{"footnotes":""},"class_list":["post-1581","page","type-page","status-publish","hentry"],"yoast_head":"<!-- This site is optimized with the Yoast SEO plugin v27.4 - https:\/\/yoast.com\/product\/yoast-seo-wordpress\/ -->\n<title>Make up SFX Group Online Training<\/title>\n<meta name=\"description\" content=\"Make up SFX Group Online Training - Kurs in Make up Special Effects mit Tamar Aviv von Twilight Creations Berlin - live online\" \/>\n<meta name=\"robots\" content=\"index, follow, max-snippet:-1, max-image-preview:large, max-video-preview:-1\" \/>\n<link rel=\"canonical\" href=\"https:\/\/tc-effects.com\/en\/online-training\/\" \/>\n<meta property=\"og:locale\" content=\"en_US\" \/>\n<meta property=\"og:type\" content=\"article\" \/>\n<meta property=\"og:title\" content=\"Make up SFX Group Online Training\" \/>\n<meta property=\"og:description\" content=\"Make up SFX Group Online Training - Kurs in Make up Special Effects mit Tamar Aviv von Twilight Creations Berlin - live online\" \/>\n<meta property=\"og:url\" content=\"https:\/\/tc-effects.com\/en\/online-training\/\" \/>\n<meta property=\"og:site_name\" content=\"tc-effects.com\" \/>\n<meta property=\"article:modified_time\" content=\"2023-02-13T14:46:49+00:00\" \/>\n<meta property=\"og:image\" content=\"https:\/\/tc-effects.com\/wp-content\/uploads\/2022\/03\/Live-Online-Gruppentraining.jpg\" \/>\n<meta name=\"twitter:card\" content=\"summary_large_image\" \/>\n<meta name=\"twitter:label1\" content=\"Est. reading time\" \/>\n\t<meta name=\"twitter:data1\" content=\"1 minute\" \/>\n<script type=\"application\/ld+json\" class=\"yoast-schema-graph\">{\"@context\":\"https:\\\/\\\/schema.org\",\"@graph\":[{\"@type\":\"WebPage\",\"@id\":\"https:\\\/\\\/tc-effects.com\\\/online-training\\\/\",\"url\":\"https:\\\/\\\/tc-effects.com\\\/online-training\\\/\",\"name\":\"Make up SFX Group Online Training\",\"isPartOf\":{\"@id\":\"https:\\\/\\\/tc-effects.com\\\/#website\"},\"primaryImageOfPage\":{\"@id\":\"https:\\\/\\\/tc-effects.com\\\/online-training\\\/#primaryimage\"},\"image\":{\"@id\":\"https:\\\/\\\/tc-effects.com\\\/online-training\\\/#primaryimage\"},\"thumbnailUrl\":\"https:\\\/\\\/tc-effects.com\\\/wp-content\\\/uploads\\\/2022\\\/03\\\/Live-Online-Gruppentraining.jpg\",\"datePublished\":\"2022-02-16T09:03:24+00:00\",\"dateModified\":\"2023-02-13T14:46:49+00:00\",\"description\":\"Make up SFX Group Online Training - Kurs in Make up Special Effects mit Tamar Aviv von Twilight Creations Berlin - live online\",\"breadcrumb\":{\"@id\":\"https:\\\/\\\/tc-effects.com\\\/online-training\\\/#breadcrumb\"},\"inLanguage\":\"en-US\",\"potentialAction\":[{\"@type\":\"ReadAction\",\"target\":[\"https:\\\/\\\/tc-effects.com\\\/online-training\\\/\"]}]},{\"@type\":\"ImageObject\",\"inLanguage\":\"en-US\",\"@id\":\"https:\\\/\\\/tc-effects.com\\\/online-training\\\/#primaryimage\",\"url\":\"https:\\\/\\\/tc-effects.com\\\/wp-content\\\/uploads\\\/2022\\\/03\\\/Live-Online-Gruppentraining.jpg\",\"contentUrl\":\"https:\\\/\\\/tc-effects.com\\\/wp-content\\\/uploads\\\/2022\\\/03\\\/Live-Online-Gruppentraining.jpg\"},{\"@type\":\"BreadcrumbList\",\"@id\":\"https:\\\/\\\/tc-effects.com\\\/online-training\\\/#breadcrumb\",\"itemListElement\":[{\"@type\":\"ListItem\",\"position\":1,\"name\":\"Startseite\",\"item\":\"https:\\\/\\\/tc-effects.com\\\/\"},{\"@type\":\"ListItem\",\"position\":2,\"name\":\"SFX Group Online-Training\"}]},{\"@type\":\"WebSite\",\"@id\":\"https:\\\/\\\/tc-effects.com\\\/#website\",\"url\":\"https:\\\/\\\/tc-effects.com\\\/\",\"name\":\"tc-effects.com\",\"description\":\"Make up SXF\",\"potentialAction\":[{\"@type\":\"SearchAction\",\"target\":{\"@type\":\"EntryPoint\",\"urlTemplate\":\"https:\\\/\\\/tc-effects.com\\\/?s={search_term_string}\"},\"query-input\":{\"@type\":\"PropertyValueSpecification\",\"valueRequired\":true,\"valueName\":\"search_term_string\"}}],\"inLanguage\":\"en-US\"}]}<\/script>\n<!-- \/ Yoast SEO plugin. -->","yoast_head_json":{"title":"Make up SFX Group Online Training","description":"Make up SFX Group Online Training - Kurs in Make up Special Effects mit Tamar Aviv von Twilight Creations Berlin - live online","robots":{"index":"index","follow":"follow","max-snippet":"max-snippet:-1","max-image-preview":"max-image-preview:large","max-video-preview":"max-video-preview:-1"},"canonical":"https:\/\/tc-effects.com\/en\/online-training\/","og_locale":"en_US","og_type":"article","og_title":"Make up SFX Group Online Training","og_description":"Make up SFX Group Online Training - Kurs in Make up Special Effects mit Tamar Aviv von Twilight Creations Berlin - live online","og_url":"https:\/\/tc-effects.com\/en\/online-training\/","og_site_name":"tc-effects.com","article_modified_time":"2023-02-13T14:46:49+00:00","og_image":[{"url":"https:\/\/tc-effects.com\/wp-content\/uploads\/2022\/03\/Live-Online-Gruppentraining.jpg","type":"","width":"","height":""}],"twitter_card":"summary_large_image","twitter_misc":{"Est. reading time":"1 minute"},"schema":{"@context":"https:\/\/schema.org","@graph":[{"@type":"WebPage","@id":"https:\/\/tc-effects.com\/online-training\/","url":"https:\/\/tc-effects.com\/online-training\/","name":"Make up SFX Group Online Training","isPartOf":{"@id":"https:\/\/tc-effects.com\/#website"},"primaryImageOfPage":{"@id":"https:\/\/tc-effects.com\/online-training\/#primaryimage"},"image":{"@id":"https:\/\/tc-effects.com\/online-training\/#primaryimage"},"thumbnailUrl":"https:\/\/tc-effects.com\/wp-content\/uploads\/2022\/03\/Live-Online-Gruppentraining.jpg","datePublished":"2022-02-16T09:03:24+00:00","dateModified":"2023-02-13T14:46:49+00:00","description":"Make up SFX Group Online Training - Kurs in Make up Special Effects mit Tamar Aviv von Twilight Creations Berlin - live online","breadcrumb":{"@id":"https:\/\/tc-effects.com\/online-training\/#breadcrumb"},"inLanguage":"en-US","potentialAction":[{"@type":"ReadAction","target":["https:\/\/tc-effects.com\/online-training\/"]}]},{"@type":"ImageObject","inLanguage":"en-US","@id":"https:\/\/tc-effects.com\/online-training\/#primaryimage","url":"https:\/\/tc-effects.com\/wp-content\/uploads\/2022\/03\/Live-Online-Gruppentraining.jpg","contentUrl":"https:\/\/tc-effects.com\/wp-content\/uploads\/2022\/03\/Live-Online-Gruppentraining.jpg"},{"@type":"BreadcrumbList","@id":"https:\/\/tc-effects.com\/online-training\/#breadcrumb","itemListElement":[{"@type":"ListItem","position":1,"name":"Startseite","item":"https:\/\/tc-effects.com\/"},{"@type":"ListItem","position":2,"name":"SFX Group Online-Training"}]},{"@type":"WebSite","@id":"https:\/\/tc-effects.com\/#website","url":"https:\/\/tc-effects.com\/","name":"tc-effects.com","description":"Make up SXF","potentialAction":[{"@type":"SearchAction","target":{"@type":"EntryPoint","urlTemplate":"https:\/\/tc-effects.com\/?s={search_term_string}"},"query-input":{"@type":"PropertyValueSpecification","valueRequired":true,"valueName":"search_term_string"}}],"inLanguage":"en-US"}]}},"_links":{"self":[{"href":"https:\/\/tc-effects.com\/en\/wp-json\/wp\/v2\/pages\/1581","targetHints":{"allow":["GET"]}}],"collection":[{"href":"https:\/\/tc-effects.com\/en\/wp-json\/wp\/v2\/pages"}],"about":[{"href":"https:\/\/tc-effects.com\/en\/wp-json\/wp\/v2\/types\/page"}],"author":[{"embeddable":true,"href":"https:\/\/tc-effects.com\/en\/wp-json\/wp\/v2\/users\/1"}],"replies":[{"embeddable":true,"href":"https:\/\/tc-effects.com\/en\/wp-json\/wp\/v2\/comments?post=1581"}],"version-history":[{"count":10,"href":"https:\/\/tc-effects.com\/en\/wp-json\/wp\/v2\/pages\/1581\/revisions"}],"predecessor-version":[{"id":4129,"href":"https:\/\/tc-effects.com\/en\/wp-json\/wp\/v2\/pages\/1581\/revisions\/4129"}],"wp:attachment":[{"href":"https:\/\/tc-effects.com\/en\/wp-json\/wp\/v2\/media?parent=1581"}],"curies":[{"name":"wp","href":"https:\/\/api.w.org\/{rel}","templated":true}]}}