{"id":1579,"date":"2022-02-16T10:03:09","date_gmt":"2022-02-16T09:03:09","guid":{"rendered":"https:\/\/tc-effects.com\/?page_id=1579"},"modified":"2023-02-13T15:48:18","modified_gmt":"2023-02-13T14:48:18","slug":"training-for-your-job","status":"publish","type":"page","link":"https:\/\/tc-effects.com\/en\/training-for-your-job\/","title":{"rendered":"SFX training for your next job"},"content":{"rendered":"<div data-elementor-type=\"wp-page\" data-elementor-id=\"1579\" class=\"elementor elementor-1579\">\n\t\t\t\t\t\t<section class=\"elementor-section elementor-top-section elementor-element elementor-element-cf0c8b8 elementor-section-boxed elementor-section-height-default elementor-section-height-default\" data-id=\"cf0c8b8\" data-element_type=\"section\" data-e-type=\"section\" data-settings=\"{&quot;jet_parallax_layout_list&quot;:[]}\">\n\t\t\t\t\t\t<div class=\"elementor-container elementor-column-gap-default\">\n\t\t\t\t\t<div class=\"elementor-column elementor-col-33 elementor-top-column elementor-element elementor-element-a6c6b4d\" data-id=\"a6c6b4d\" data-element_type=\"column\" data-e-type=\"column\">\n\t\t\t<div class=\"elementor-widget-wrap elementor-element-populated\">\n\t\t\t\t\t\t<div class=\"elementor-element elementor-element-f065c35 elementor-view-default elementor-widget elementor-widget-icon\" data-id=\"f065c35\" data-element_type=\"widget\" data-e-type=\"widget\" data-widget_type=\"icon.default\">\n\t\t\t\t<div class=\"elementor-widget-container\">\n\t\t\t\t\t\t\t<div class=\"elementor-icon-wrapper\">\n\t\t\t<div class=\"elementor-icon\">\n\t\t\t<i aria-hidden=\"true\" class=\"fas fa-angle-double-right\"><\/i>\t\t\t<\/div>\n\t\t<\/div>\n\t\t\t\t\t\t<\/div>\n\t\t\t\t<\/div>\n\t\t\t\t\t<\/div>\n\t\t<\/div>\n\t\t\t\t<div class=\"elementor-column elementor-col-33 elementor-top-column elementor-element elementor-element-20d3213a\" data-id=\"20d3213a\" data-element_type=\"column\" data-e-type=\"column\">\n\t\t\t<div class=\"elementor-widget-wrap elementor-element-populated\">\n\t\t\t\t\t\t<div class=\"elementor-element elementor-element-5e8e1904 elementor-widget elementor-widget-heading\" data-id=\"5e8e1904\" data-element_type=\"widget\" data-e-type=\"widget\" data-widget_type=\"heading.default\">\n\t\t\t\t<div class=\"elementor-widget-container\">\n\t\t\t\t\t<h2 class=\"elementor-heading-title elementor-size-default\">SFX training for your next job<\/h2>\t\t\t\t<\/div>\n\t\t\t\t<\/div>\n\t\t\t\t<div class=\"elementor-element elementor-element-64fb901c elementor-widget elementor-widget-text-editor\" data-id=\"64fb901c\" data-element_type=\"widget\" data-e-type=\"widget\" data-widget_type=\"text-editor.default\">\n\t\t\t\t<div class=\"elementor-widget-container\">\n\t\t\t\t\t\t\t\t\t<p>This course with Tamar Aviv offers you the opportunity to prepare yourself specifically and personally in a 1:1 setting for your next project. <br \/>In a detailed preliminary talk, we clarify in detail the requirements for your upcoming job and go through the script together. I will advise you on the appropriate choice of prosthetics and materials so that you can convincingly create the desired effect.<br \/>You will learn the correct application and coloring of the chosen prosthetics and can go on set with joy and confidence.<\/p><p><strong>Price on demand<\/strong><\/p><p><strong>Location: at Twilight Creations in Berlin or by arrangement.<\/strong><\/p>\t\t\t\t\t\t\t\t<\/div>\n\t\t\t\t<\/div>\n\t\t\t\t<div class=\"elementor-element elementor-element-5b78715 elementor-align-left elementor-widget elementor-widget-button\" data-id=\"5b78715\" data-element_type=\"widget\" data-e-type=\"widget\" data-widget_type=\"button.default\">\n\t\t\t\t<div class=\"elementor-widget-container\">\n\t\t\t\t\t\t\t\t\t<div class=\"elementor-button-wrapper\">\n\t\t\t\t\t<a class=\"elementor-button elementor-button-link elementor-size-sm\" href=\"https:\/\/tc-effects.com\/en\/kontakt\/\">\n\t\t\t\t\t\t<span class=\"elementor-button-content-wrapper\">\n\t\t\t\t\t\t\t\t\t<span class=\"elementor-button-text\">KONTAKT &amp; ANFRAGE<\/span>\n\t\t\t\t\t<\/span>\n\t\t\t\t\t<\/a>\n\t\t\t\t<\/div>\n\t\t\t\t\t\t\t\t<\/div>\n\t\t\t\t<\/div>\n\t\t\t\t\t<\/div>\n\t\t<\/div>\n\t\t\t\t<div class=\"elementor-column elementor-col-33 elementor-top-column elementor-element elementor-element-478de90d\" data-id=\"478de90d\" data-element_type=\"column\" data-e-type=\"column\">\n\t\t\t<div class=\"elementor-widget-wrap elementor-element-populated\">\n\t\t\t\t\t\t<div class=\"elementor-element elementor-element-16321b6 elementor-widget elementor-widget-image\" data-id=\"16321b6\" data-element_type=\"widget\" data-e-type=\"widget\" data-widget_type=\"image.default\">\n\t\t\t\t<div class=\"elementor-widget-container\">\n\t\t\t\t\t\t\t\t\t\t\t\t\t\t\t<img fetchpriority=\"high\" decoding=\"async\" width=\"535\" height=\"719\" src=\"https:\/\/tc-effects.com\/wp-content\/uploads\/2022\/03\/Projektvorbereitung.jpg\" class=\"attachment-large size-large wp-image-2990\" alt=\"\" srcset=\"https:\/\/tc-effects.com\/wp-content\/uploads\/2022\/03\/Projektvorbereitung.jpg 535w, https:\/\/tc-effects.com\/wp-content\/uploads\/2022\/03\/Projektvorbereitung-223x300.jpg 223w, https:\/\/tc-effects.com\/wp-content\/uploads\/2022\/03\/Projektvorbereitung-9x12.jpg 9w\" sizes=\"(max-width: 535px) 100vw, 535px\" \/>\t\t\t\t\t\t\t\t\t\t\t\t\t\t\t<\/div>\n\t\t\t\t<\/div>\n\t\t\t\t\t<\/div>\n\t\t<\/div>\n\t\t\t\t\t<\/div>\n\t\t<\/section>\n\t\t\t\t<\/div>","protected":false},"excerpt":{"rendered":"<p>SFX-Training for your next job Dieser Kurs mit Tamar Aviv bietet dir die M\u00f6glichkeit, dich ganz spezifisch und pers\u00f6nlich im 1:1-Setting auf dein n\u00e4chstes Projekt vorzubereiten. In einem ausf\u00fchrlichen Vorgespr\u00e4ch kl\u00e4ren wir im Detail die Anforderungen f\u00fcr deinen kommenden Job und gehen gemeinsam das Skript durch. Ich berate dich bei der passenden Auswahl von Prosthetics [&hellip;]<\/p>\n","protected":false},"author":1,"featured_media":0,"parent":0,"menu_order":0,"comment_status":"closed","ping_status":"closed","template":"","meta":{"footnotes":""},"class_list":["post-1579","page","type-page","status-publish","hentry"],"yoast_head":"<!-- This site is optimized with the Yoast SEO plugin v27.5 - https:\/\/yoast.com\/product\/yoast-seo-wordpress\/ -->\n<title>Make up SFX-Training f\u00fcr Ihren Job<\/title>\n<meta name=\"description\" content=\"Make up SFX-Training f\u00fcr Ihr Projekt - Pers\u00f6nlich mit Tamar Aviv von Twilight Creations Berlin - Spezialistin f\u00fcr Make up Special Effects\" \/>\n<meta name=\"robots\" content=\"index, follow, max-snippet:-1, max-image-preview:large, max-video-preview:-1\" \/>\n<link rel=\"canonical\" href=\"https:\/\/tc-effects.com\/en\/training-for-your-job\/\" \/>\n<meta property=\"og:locale\" content=\"en_US\" \/>\n<meta property=\"og:type\" content=\"article\" \/>\n<meta property=\"og:title\" content=\"Make up SFX-Training f\u00fcr Ihren Job\" \/>\n<meta property=\"og:description\" content=\"Make up SFX-Training f\u00fcr Ihr Projekt - Pers\u00f6nlich mit Tamar Aviv von Twilight Creations Berlin - Spezialistin f\u00fcr Make up Special Effects\" \/>\n<meta property=\"og:url\" content=\"https:\/\/tc-effects.com\/en\/training-for-your-job\/\" \/>\n<meta property=\"og:site_name\" content=\"tc-effects.com\" \/>\n<meta property=\"article:modified_time\" content=\"2023-02-13T14:48:18+00:00\" \/>\n<meta property=\"og:image\" content=\"https:\/\/tc-effects.com\/wp-content\/uploads\/2022\/03\/Projektvorbereitung.jpg\" \/>\n<meta name=\"twitter:card\" content=\"summary_large_image\" \/>\n<meta name=\"twitter:label1\" content=\"Est. reading time\" \/>\n\t<meta name=\"twitter:data1\" content=\"1 minute\" \/>\n<script type=\"application\/ld+json\" class=\"yoast-schema-graph\">{\"@context\":\"https:\\\/\\\/schema.org\",\"@graph\":[{\"@type\":\"WebPage\",\"@id\":\"https:\\\/\\\/tc-effects.com\\\/training-for-your-job\\\/\",\"url\":\"https:\\\/\\\/tc-effects.com\\\/training-for-your-job\\\/\",\"name\":\"Make up SFX-Training f\u00fcr Ihren Job\",\"isPartOf\":{\"@id\":\"https:\\\/\\\/tc-effects.com\\\/#website\"},\"primaryImageOfPage\":{\"@id\":\"https:\\\/\\\/tc-effects.com\\\/training-for-your-job\\\/#primaryimage\"},\"image\":{\"@id\":\"https:\\\/\\\/tc-effects.com\\\/training-for-your-job\\\/#primaryimage\"},\"thumbnailUrl\":\"https:\\\/\\\/tc-effects.com\\\/wp-content\\\/uploads\\\/2022\\\/03\\\/Projektvorbereitung.jpg\",\"datePublished\":\"2022-02-16T09:03:09+00:00\",\"dateModified\":\"2023-02-13T14:48:18+00:00\",\"description\":\"Make up SFX-Training f\u00fcr Ihr Projekt - Pers\u00f6nlich mit Tamar Aviv von Twilight Creations Berlin - Spezialistin f\u00fcr Make up Special Effects\",\"breadcrumb\":{\"@id\":\"https:\\\/\\\/tc-effects.com\\\/training-for-your-job\\\/#breadcrumb\"},\"inLanguage\":\"en-US\",\"potentialAction\":[{\"@type\":\"ReadAction\",\"target\":[\"https:\\\/\\\/tc-effects.com\\\/training-for-your-job\\\/\"]}]},{\"@type\":\"ImageObject\",\"inLanguage\":\"en-US\",\"@id\":\"https:\\\/\\\/tc-effects.com\\\/training-for-your-job\\\/#primaryimage\",\"url\":\"https:\\\/\\\/tc-effects.com\\\/wp-content\\\/uploads\\\/2022\\\/03\\\/Projektvorbereitung.jpg\",\"contentUrl\":\"https:\\\/\\\/tc-effects.com\\\/wp-content\\\/uploads\\\/2022\\\/03\\\/Projektvorbereitung.jpg\"},{\"@type\":\"BreadcrumbList\",\"@id\":\"https:\\\/\\\/tc-effects.com\\\/training-for-your-job\\\/#breadcrumb\",\"itemListElement\":[{\"@type\":\"ListItem\",\"position\":1,\"name\":\"Startseite\",\"item\":\"https:\\\/\\\/tc-effects.com\\\/\"},{\"@type\":\"ListItem\",\"position\":2,\"name\":\"SFX-Training for your next job\"}]},{\"@type\":\"WebSite\",\"@id\":\"https:\\\/\\\/tc-effects.com\\\/#website\",\"url\":\"https:\\\/\\\/tc-effects.com\\\/\",\"name\":\"tc-effects.com\",\"description\":\"Make up SXF\",\"potentialAction\":[{\"@type\":\"SearchAction\",\"target\":{\"@type\":\"EntryPoint\",\"urlTemplate\":\"https:\\\/\\\/tc-effects.com\\\/?s={search_term_string}\"},\"query-input\":{\"@type\":\"PropertyValueSpecification\",\"valueRequired\":true,\"valueName\":\"search_term_string\"}}],\"inLanguage\":\"en-US\"}]}<\/script>\n<!-- \/ Yoast SEO plugin. -->","yoast_head_json":{"title":"Make up SFX-Training f\u00fcr Ihren Job","description":"Make up SFX-Training f\u00fcr Ihr Projekt - Pers\u00f6nlich mit Tamar Aviv von Twilight Creations Berlin - Spezialistin f\u00fcr Make up Special Effects","robots":{"index":"index","follow":"follow","max-snippet":"max-snippet:-1","max-image-preview":"max-image-preview:large","max-video-preview":"max-video-preview:-1"},"canonical":"https:\/\/tc-effects.com\/en\/training-for-your-job\/","og_locale":"en_US","og_type":"article","og_title":"Make up SFX-Training f\u00fcr Ihren Job","og_description":"Make up SFX-Training f\u00fcr Ihr Projekt - Pers\u00f6nlich mit Tamar Aviv von Twilight Creations Berlin - Spezialistin f\u00fcr Make up Special Effects","og_url":"https:\/\/tc-effects.com\/en\/training-for-your-job\/","og_site_name":"tc-effects.com","article_modified_time":"2023-02-13T14:48:18+00:00","og_image":[{"url":"https:\/\/tc-effects.com\/wp-content\/uploads\/2022\/03\/Projektvorbereitung.jpg","type":"","width":"","height":""}],"twitter_card":"summary_large_image","twitter_misc":{"Est. reading time":"1 minute"},"schema":{"@context":"https:\/\/schema.org","@graph":[{"@type":"WebPage","@id":"https:\/\/tc-effects.com\/training-for-your-job\/","url":"https:\/\/tc-effects.com\/training-for-your-job\/","name":"Make up SFX-Training f\u00fcr Ihren Job","isPartOf":{"@id":"https:\/\/tc-effects.com\/#website"},"primaryImageOfPage":{"@id":"https:\/\/tc-effects.com\/training-for-your-job\/#primaryimage"},"image":{"@id":"https:\/\/tc-effects.com\/training-for-your-job\/#primaryimage"},"thumbnailUrl":"https:\/\/tc-effects.com\/wp-content\/uploads\/2022\/03\/Projektvorbereitung.jpg","datePublished":"2022-02-16T09:03:09+00:00","dateModified":"2023-02-13T14:48:18+00:00","description":"Make up SFX-Training f\u00fcr Ihr Projekt - Pers\u00f6nlich mit Tamar Aviv von Twilight Creations Berlin - Spezialistin f\u00fcr Make up Special Effects","breadcrumb":{"@id":"https:\/\/tc-effects.com\/training-for-your-job\/#breadcrumb"},"inLanguage":"en-US","potentialAction":[{"@type":"ReadAction","target":["https:\/\/tc-effects.com\/training-for-your-job\/"]}]},{"@type":"ImageObject","inLanguage":"en-US","@id":"https:\/\/tc-effects.com\/training-for-your-job\/#primaryimage","url":"https:\/\/tc-effects.com\/wp-content\/uploads\/2022\/03\/Projektvorbereitung.jpg","contentUrl":"https:\/\/tc-effects.com\/wp-content\/uploads\/2022\/03\/Projektvorbereitung.jpg"},{"@type":"BreadcrumbList","@id":"https:\/\/tc-effects.com\/training-for-your-job\/#breadcrumb","itemListElement":[{"@type":"ListItem","position":1,"name":"Startseite","item":"https:\/\/tc-effects.com\/"},{"@type":"ListItem","position":2,"name":"SFX-Training for your next job"}]},{"@type":"WebSite","@id":"https:\/\/tc-effects.com\/#website","url":"https:\/\/tc-effects.com\/","name":"tc-effects.com","description":"Make up SXF","potentialAction":[{"@type":"SearchAction","target":{"@type":"EntryPoint","urlTemplate":"https:\/\/tc-effects.com\/?s={search_term_string}"},"query-input":{"@type":"PropertyValueSpecification","valueRequired":true,"valueName":"search_term_string"}}],"inLanguage":"en-US"}]}},"_links":{"self":[{"href":"https:\/\/tc-effects.com\/en\/wp-json\/wp\/v2\/pages\/1579","targetHints":{"allow":["GET"]}}],"collection":[{"href":"https:\/\/tc-effects.com\/en\/wp-json\/wp\/v2\/pages"}],"about":[{"href":"https:\/\/tc-effects.com\/en\/wp-json\/wp\/v2\/types\/page"}],"author":[{"embeddable":true,"href":"https:\/\/tc-effects.com\/en\/wp-json\/wp\/v2\/users\/1"}],"replies":[{"embeddable":true,"href":"https:\/\/tc-effects.com\/en\/wp-json\/wp\/v2\/comments?post=1579"}],"version-history":[{"count":10,"href":"https:\/\/tc-effects.com\/en\/wp-json\/wp\/v2\/pages\/1579\/revisions"}],"predecessor-version":[{"id":4135,"href":"https:\/\/tc-effects.com\/en\/wp-json\/wp\/v2\/pages\/1579\/revisions\/4135"}],"wp:attachment":[{"href":"https:\/\/tc-effects.com\/en\/wp-json\/wp\/v2\/media?parent=1579"}],"curies":[{"name":"wp","href":"https:\/\/api.w.org\/{rel}","templated":true}]}}