{"id":1406,"date":"2022-02-07T10:24:44","date_gmt":"2022-02-07T09:24:44","guid":{"rendered":"https:\/\/tc-effects.com\/?page_id=1406"},"modified":"2022-03-30T10:38:01","modified_gmt":"2022-03-30T08:38:01","slug":"studio","status":"publish","type":"page","link":"https:\/\/tc-effects.com\/en\/studio\/","title":{"rendered":"Studio"},"content":{"rendered":"<div data-elementor-type=\"wp-page\" data-elementor-id=\"1406\" class=\"elementor elementor-1406\">\n\t\t\t\t\t\t<section class=\"elementor-section elementor-top-section elementor-element elementor-element-7a47f45 elementor-section-boxed elementor-section-height-default elementor-section-height-default\" data-id=\"7a47f45\" data-element_type=\"section\" data-e-type=\"section\" data-settings=\"{&quot;background_background&quot;:&quot;classic&quot;,&quot;jet_parallax_layout_list&quot;:[]}\">\n\t\t\t\t\t\t<div class=\"elementor-container elementor-column-gap-default\">\n\t\t\t\t\t<div class=\"elementor-column elementor-col-33 elementor-top-column elementor-element elementor-element-d33a6ec\" data-id=\"d33a6ec\" data-element_type=\"column\" data-e-type=\"column\">\n\t\t\t<div class=\"elementor-widget-wrap elementor-element-populated\">\n\t\t\t\t\t\t<div class=\"elementor-element elementor-element-c9fc5bf elementor-view-default elementor-widget elementor-widget-icon\" data-id=\"c9fc5bf\" data-element_type=\"widget\" data-e-type=\"widget\" data-widget_type=\"icon.default\">\n\t\t\t\t<div class=\"elementor-widget-container\">\n\t\t\t\t\t\t\t<div class=\"elementor-icon-wrapper\">\n\t\t\t<div class=\"elementor-icon\">\n\t\t\t<i aria-hidden=\"true\" class=\"fas fa-angle-double-right\"><\/i>\t\t\t<\/div>\n\t\t<\/div>\n\t\t\t\t\t\t<\/div>\n\t\t\t\t<\/div>\n\t\t\t\t\t<\/div>\n\t\t<\/div>\n\t\t\t\t<div class=\"elementor-column elementor-col-33 elementor-top-column elementor-element elementor-element-120139a\" data-id=\"120139a\" data-element_type=\"column\" data-e-type=\"column\">\n\t\t\t<div class=\"elementor-widget-wrap elementor-element-populated\">\n\t\t\t\t\t\t<div class=\"elementor-element elementor-element-827883f elementor-widget elementor-widget-heading\" data-id=\"827883f\" data-element_type=\"widget\" data-e-type=\"widget\" data-widget_type=\"heading.default\">\n\t\t\t\t<div class=\"elementor-widget-container\">\n\t\t\t\t\t<h2 class=\"elementor-heading-title elementor-size-default\">The Studio<\/h2>\t\t\t\t<\/div>\n\t\t\t\t<\/div>\n\t\t\t\t<div class=\"elementor-element elementor-element-52cf548 elementor-widget elementor-widget-image\" data-id=\"52cf548\" data-element_type=\"widget\" data-e-type=\"widget\" data-widget_type=\"image.default\">\n\t\t\t\t<div class=\"elementor-widget-container\">\n\t\t\t\t\t\t\t\t\t\t\t\t\t\t\t<img fetchpriority=\"high\" decoding=\"async\" width=\"800\" height=\"998\" src=\"https:\/\/tc-effects.com\/wp-content\/uploads\/2022\/03\/Hallway_TC-821x1024.jpg\" class=\"attachment-large size-large wp-image-1829\" alt=\"\" srcset=\"https:\/\/tc-effects.com\/wp-content\/uploads\/2022\/03\/Hallway_TC-821x1024.jpg 821w, https:\/\/tc-effects.com\/wp-content\/uploads\/2022\/03\/Hallway_TC-241x300.jpg 241w, https:\/\/tc-effects.com\/wp-content\/uploads\/2022\/03\/Hallway_TC-768x958.jpg 768w, https:\/\/tc-effects.com\/wp-content\/uploads\/2022\/03\/Hallway_TC-1232x1536.jpg 1232w, https:\/\/tc-effects.com\/wp-content\/uploads\/2022\/03\/Hallway_TC-1642x2048.jpg 1642w, https:\/\/tc-effects.com\/wp-content\/uploads\/2022\/03\/Hallway_TC-10x12.jpg 10w\" sizes=\"(max-width: 800px) 100vw, 800px\" \/>\t\t\t\t\t\t\t\t\t\t\t\t\t\t\t<\/div>\n\t\t\t\t<\/div>\n\t\t\t\t<div class=\"elementor-element elementor-element-bf069dd elementor-widget elementor-widget-image\" data-id=\"bf069dd\" data-element_type=\"widget\" data-e-type=\"widget\" data-widget_type=\"image.default\">\n\t\t\t\t<div class=\"elementor-widget-container\">\n\t\t\t\t\t\t\t\t\t\t\t\t\t\t\t<img decoding=\"async\" width=\"722\" height=\"1024\" src=\"https:\/\/tc-effects.com\/wp-content\/uploads\/2022\/03\/Makeup-Room-722x1024.jpg\" class=\"attachment-large size-large wp-image-1926\" alt=\"\" srcset=\"https:\/\/tc-effects.com\/wp-content\/uploads\/2022\/03\/Makeup-Room-722x1024.jpg 722w, https:\/\/tc-effects.com\/wp-content\/uploads\/2022\/03\/Makeup-Room-211x300.jpg 211w, https:\/\/tc-effects.com\/wp-content\/uploads\/2022\/03\/Makeup-Room-768x1089.jpg 768w, https:\/\/tc-effects.com\/wp-content\/uploads\/2022\/03\/Makeup-Room-1083x1536.jpg 1083w, https:\/\/tc-effects.com\/wp-content\/uploads\/2022\/03\/Makeup-Room-1444x2048.jpg 1444w, https:\/\/tc-effects.com\/wp-content\/uploads\/2022\/03\/Makeup-Room-8x12.jpg 8w, https:\/\/tc-effects.com\/wp-content\/uploads\/2022\/03\/Makeup-Room-scaled.jpg 1805w\" sizes=\"(max-width: 722px) 100vw, 722px\" \/>\t\t\t\t\t\t\t\t\t\t\t\t\t\t\t<\/div>\n\t\t\t\t<\/div>\n\t\t\t\t\t<\/div>\n\t\t<\/div>\n\t\t\t\t<div class=\"elementor-column elementor-col-33 elementor-top-column elementor-element elementor-element-b668655\" data-id=\"b668655\" data-element_type=\"column\" data-e-type=\"column\">\n\t\t\t<div class=\"elementor-widget-wrap elementor-element-populated\">\n\t\t\t\t\t\t<div class=\"elementor-element elementor-element-31870bb elementor-widget elementor-widget-heading\" data-id=\"31870bb\" data-element_type=\"widget\" data-e-type=\"widget\" data-widget_type=\"heading.default\">\n\t\t\t\t<div class=\"elementor-widget-container\">\n\t\t\t\t\t<h2 class=\"elementor-heading-title elementor-size-default\">Realistic, high-quality and, above all, believable: Twilight Creations' make-up special effects have been enriching the international film scene since 2005.<\/h2>\t\t\t\t<\/div>\n\t\t\t\t<\/div>\n\t\t\t\t<div class=\"elementor-element elementor-element-c20e11e elementor-widget elementor-widget-text-editor\" data-id=\"c20e11e\" data-element_type=\"widget\" data-e-type=\"widget\" data-widget_type=\"text-editor.default\">\n\t\t\t\t<div class=\"elementor-widget-container\">\n\t\t\t\t\t\t\t\t\t<p>Vor bald 20 Jahren lernten sich Tamar Aviv und J\u00f6rn Seifert in den R\u00e4umen kennen, die sp\u00e4ter ihr Firmenatelier werden sollten. Aus ihrer gemeinsamen Begeisterung f\u00fcr die Arbeit als Special Effect Make-Up Artists, f\u00fcr wirklich authentische Darstellungen und ihrer Leidenschaft f\u00fcr das Erschaffen von Illusionen entstand 2005 die Firma Twilight Creations.<\/p><p>Die hochwertigen Ergebnisse geben dem Studio einen exzellenten Ruf im In- und Ausland. Neben der Produktion von Dummys, Prosthetics und Trauma Tattoos in der eigenen Berliner Werkstatt f\u00fcr Projekte wie Matrix Resurection, Dark oder Der Medicus, sind J\u00f6rn und Tamar auch f\u00fcr Europas f\u00fchrende SFX-Studios als Spezialisten im Art Finishing im Einsatz und bereichern diverse High-End-Produktionen, darunter Harry Potter, Inglorious Basterds, oder Game of Thrones mit ihrer Expertise.<\/p><p>Gradually, a catalog of prosthetics and trauma tattoos emerged from their joint repertoire, which are produced in their own workshop and sold internationally to make-up artists and film productions in the\u00a0<a href=\"https:\/\/www.tc-onlineshop.com\/\" target=\"_blank\" rel=\"noopener\"><u>Twilight Creations Shop&amp;Rentals online store<\/u><\/a>\u00a0.<\/p><p>Twilight Creations ist weltweit mit anderen Studios und Make-Up-SFX-Artists vernetzt. Jedes Projekt wird von Tamar und J\u00f6rn in Zusammenarbeit mit einer internationalen Experten-Crew umgesetzt. Neben Qualit\u00e4tsanspruch und Expertise ist es nicht zuletzt der freundschaftlich-famili\u00e4re Zusammenhalt, die Freude am gemeinsamen Gestalten und die Liebe zum Detail, die zu den \u00fcberzeugenden Ergebnissen f\u00fchrt, f\u00fcr die Twilight Creations bekannt ist.<\/p>\t\t\t\t\t\t\t\t<\/div>\n\t\t\t\t<\/div>\n\t\t\t\t<div class=\"elementor-element elementor-element-5c1ea4d elementor-align-left elementor-widget elementor-widget-button\" data-id=\"5c1ea4d\" data-element_type=\"widget\" data-e-type=\"widget\" data-widget_type=\"button.default\">\n\t\t\t\t<div class=\"elementor-widget-container\">\n\t\t\t\t\t\t\t\t\t<div class=\"elementor-button-wrapper\">\n\t\t\t\t\t<a class=\"elementor-button elementor-button-link elementor-size-sm\" href=\"https:\/\/tc-effects.com\/en\/wer-ist-tc\/\">\n\t\t\t\t\t\t<span class=\"elementor-button-content-wrapper\">\n\t\t\t\t\t\t\t\t\t<span class=\"elementor-button-text\">\u00dcBER DIE GR\u00dcNDER<\/span>\n\t\t\t\t\t<\/span>\n\t\t\t\t\t<\/a>\n\t\t\t\t<\/div>\n\t\t\t\t\t\t\t\t<\/div>\n\t\t\t\t<\/div>\n\t\t\t\t\t<\/div>\n\t\t<\/div>\n\t\t\t\t\t<\/div>\n\t\t<\/section>\n\t\t\t\t<section class=\"elementor-section elementor-top-section elementor-element elementor-element-2748126 elementor-section-full_width elementor-section-height-default elementor-section-height-default\" data-id=\"2748126\" data-element_type=\"section\" data-e-type=\"section\" data-settings=\"{&quot;jet_parallax_layout_list&quot;:[]}\">\n\t\t\t\t\t\t<div class=\"elementor-container elementor-column-gap-default\">\n\t\t\t\t\t<div class=\"elementor-column elementor-col-33 elementor-top-column elementor-element elementor-element-99eef7f\" data-id=\"99eef7f\" data-element_type=\"column\" data-e-type=\"column\">\n\t\t\t<div class=\"elementor-widget-wrap elementor-element-populated\">\n\t\t\t\t\t\t<div class=\"elementor-element elementor-element-06bd78d elementor-widget elementor-widget-image\" data-id=\"06bd78d\" data-element_type=\"widget\" data-e-type=\"widget\" data-widget_type=\"image.default\">\n\t\t\t\t<div class=\"elementor-widget-container\">\n\t\t\t\t\t\t\t\t\t\t\t\t\t\t\t<img decoding=\"async\" width=\"800\" height=\"534\" src=\"https:\/\/tc-effects.com\/wp-content\/uploads\/2022\/01\/VIC_0593-1024x683.jpg\" class=\"attachment-large size-large wp-image-892\" alt=\"\" srcset=\"https:\/\/tc-effects.com\/wp-content\/uploads\/2022\/01\/VIC_0593-1024x683.jpg 1024w, https:\/\/tc-effects.com\/wp-content\/uploads\/2022\/01\/VIC_0593-300x200.jpg 300w, https:\/\/tc-effects.com\/wp-content\/uploads\/2022\/01\/VIC_0593-768x512.jpg 768w, https:\/\/tc-effects.com\/wp-content\/uploads\/2022\/01\/VIC_0593-1536x1024.jpg 1536w, https:\/\/tc-effects.com\/wp-content\/uploads\/2022\/01\/VIC_0593-2048x1365.jpg 2048w\" sizes=\"(max-width: 800px) 100vw, 800px\" \/>\t\t\t\t\t\t\t\t\t\t\t\t\t\t\t<\/div>\n\t\t\t\t<\/div>\n\t\t\t\t\t<\/div>\n\t\t<\/div>\n\t\t\t\t<div class=\"elementor-column elementor-col-33 elementor-top-column elementor-element elementor-element-5be6ae3\" data-id=\"5be6ae3\" data-element_type=\"column\" data-e-type=\"column\">\n\t\t\t<div class=\"elementor-widget-wrap elementor-element-populated\">\n\t\t\t\t\t\t<div class=\"elementor-element elementor-element-a4872f8 elementor-widget elementor-widget-image\" data-id=\"a4872f8\" data-element_type=\"widget\" data-e-type=\"widget\" data-widget_type=\"image.default\">\n\t\t\t\t<div class=\"elementor-widget-container\">\n\t\t\t\t\t\t\t\t\t\t\t\t\t\t\t<img loading=\"lazy\" decoding=\"async\" width=\"800\" height=\"534\" src=\"https:\/\/tc-effects.com\/wp-content\/uploads\/2022\/03\/SR-Room_TC-1024x683.jpg\" class=\"attachment-large size-large wp-image-1834\" alt=\"\" srcset=\"https:\/\/tc-effects.com\/wp-content\/uploads\/2022\/03\/SR-Room_TC-1024x683.jpg 1024w, https:\/\/tc-effects.com\/wp-content\/uploads\/2022\/03\/SR-Room_TC-300x200.jpg 300w, https:\/\/tc-effects.com\/wp-content\/uploads\/2022\/03\/SR-Room_TC-768x512.jpg 768w, https:\/\/tc-effects.com\/wp-content\/uploads\/2022\/03\/SR-Room_TC-1536x1024.jpg 1536w, https:\/\/tc-effects.com\/wp-content\/uploads\/2022\/03\/SR-Room_TC-2048x1365.jpg 2048w, https:\/\/tc-effects.com\/wp-content\/uploads\/2022\/03\/SR-Room_TC-18x12.jpg 18w\" sizes=\"(max-width: 800px) 100vw, 800px\" \/>\t\t\t\t\t\t\t\t\t\t\t\t\t\t\t<\/div>\n\t\t\t\t<\/div>\n\t\t\t\t\t<\/div>\n\t\t<\/div>\n\t\t\t\t<div class=\"elementor-column elementor-col-33 elementor-top-column elementor-element elementor-element-dd808ac\" data-id=\"dd808ac\" data-element_type=\"column\" data-e-type=\"column\">\n\t\t\t<div class=\"elementor-widget-wrap elementor-element-populated\">\n\t\t\t\t\t\t<div class=\"elementor-element elementor-element-e74fed6 elementor-widget elementor-widget-image\" data-id=\"e74fed6\" data-element_type=\"widget\" data-e-type=\"widget\" data-widget_type=\"image.default\">\n\t\t\t\t<div class=\"elementor-widget-container\">\n\t\t\t\t\t\t\t\t\t\t\t\t\t\t\t<img loading=\"lazy\" decoding=\"async\" width=\"800\" height=\"534\" src=\"https:\/\/tc-effects.com\/wp-content\/uploads\/2022\/01\/VIC_0627-1024x683.jpg\" class=\"attachment-large size-large wp-image-893\" alt=\"\" srcset=\"https:\/\/tc-effects.com\/wp-content\/uploads\/2022\/01\/VIC_0627-1024x683.jpg 1024w, https:\/\/tc-effects.com\/wp-content\/uploads\/2022\/01\/VIC_0627-300x200.jpg 300w, https:\/\/tc-effects.com\/wp-content\/uploads\/2022\/01\/VIC_0627-768x512.jpg 768w, https:\/\/tc-effects.com\/wp-content\/uploads\/2022\/01\/VIC_0627-1536x1024.jpg 1536w, https:\/\/tc-effects.com\/wp-content\/uploads\/2022\/01\/VIC_0627-2048x1365.jpg 2048w\" sizes=\"(max-width: 800px) 100vw, 800px\" \/>\t\t\t\t\t\t\t\t\t\t\t\t\t\t\t<\/div>\n\t\t\t\t<\/div>\n\t\t\t\t\t<\/div>\n\t\t<\/div>\n\t\t\t\t\t<\/div>\n\t\t<\/section>\n\t\t\t\t<section class=\"elementor-section elementor-top-section elementor-element elementor-element-9d607c2 elementor-section-boxed elementor-section-height-default elementor-section-height-default\" data-id=\"9d607c2\" data-element_type=\"section\" data-e-type=\"section\" data-settings=\"{&quot;background_background&quot;:&quot;classic&quot;,&quot;jet_parallax_layout_list&quot;:[]}\">\n\t\t\t\t\t\t<div class=\"elementor-container elementor-column-gap-default\">\n\t\t\t\t\t<div class=\"elementor-column elementor-col-100 elementor-top-column elementor-element elementor-element-f3696bb\" data-id=\"f3696bb\" data-element_type=\"column\" data-e-type=\"column\">\n\t\t\t<div class=\"elementor-widget-wrap elementor-element-populated\">\n\t\t\t\t\t\t<div class=\"elementor-element elementor-element-acb7478 elementor-widget elementor-widget-heading\" data-id=\"acb7478\" data-element_type=\"widget\" data-e-type=\"widget\" data-widget_type=\"heading.default\">\n\t\t\t\t<div class=\"elementor-widget-container\">\n\t\t\t\t\t<h2 class=\"elementor-heading-title elementor-size-default\">Hier sind wir!<\/h2>\t\t\t\t<\/div>\n\t\t\t\t<\/div>\n\t\t\t\t\t<\/div>\n\t\t<\/div>\n\t\t\t\t\t<\/div>\n\t\t<\/section>\n\t\t\t\t<section class=\"elementor-section elementor-top-section elementor-element elementor-element-78b82bf elementor-section-boxed elementor-section-height-default elementor-section-height-default\" data-id=\"78b82bf\" data-element_type=\"section\" data-e-type=\"section\" data-settings=\"{&quot;background_background&quot;:&quot;classic&quot;,&quot;jet_parallax_layout_list&quot;:[]}\">\n\t\t\t\t\t\t<div class=\"elementor-container elementor-column-gap-default\">\n\t\t\t\t\t<div class=\"elementor-column elementor-col-100 elementor-top-column elementor-element elementor-element-c9bda33\" data-id=\"c9bda33\" data-element_type=\"column\" data-e-type=\"column\">\n\t\t\t<div class=\"elementor-widget-wrap elementor-element-populated\">\n\t\t\t\t\t\t<div class=\"elementor-element elementor-element-ba55341 elementor-widget elementor-widget-text-editor\" data-id=\"ba55341\" data-element_type=\"widget\" data-e-type=\"widget\" data-widget_type=\"text-editor.default\">\n\t\t\t\t<div class=\"elementor-widget-container\">\n\t\t\t\t\t\t\t\t\t<p>Twilight Creations Gbr<br \/>Kopenhagener Str. 35-57<br \/>13407 Berlin<\/p><p>+49 30 41403007<br \/><a href=\"mailto:info@tc-effects.com\"><u>info@tc-effects.com<\/u><\/a><\/p><p><b><br \/>Our entrance is directly on Kopenhagener Str. (gray door), not in the yard next door!<\/b><\/p>\t\t\t\t\t\t\t\t<\/div>\n\t\t\t\t<\/div>\n\t\t\t\t<div class=\"elementor-element elementor-element-ccd303e elementor-widget elementor-widget-google_maps\" data-id=\"ccd303e\" data-element_type=\"widget\" data-e-type=\"widget\" data-widget_type=\"google_maps.default\">\n\t\t\t\t<div class=\"elementor-widget-container\">\n\t\t\t\t\t\t\t<div class=\"elementor-custom-embed\">\n\t\t\t<iframe loading=\"lazy\"\n\t\t\t\t\tsrc=\"https:\/\/maps.google.com\/maps?q=Kopenhagener%20Str.%2035-57%2013407&#038;t=m&#038;z=10&#038;output=embed&#038;iwloc=near\"\n\t\t\t\t\ttitle=\"Kopenhagener Str. 35-57 13407\"\n\t\t\t\t\taria-label=\"Kopenhagener Str. 35-57 13407\"\n\t\t\t><\/iframe>\n\t\t<\/div>\n\t\t\t\t\t\t<\/div>\n\t\t\t\t<\/div>\n\t\t\t\t\t<\/div>\n\t\t<\/div>\n\t\t\t\t\t<\/div>\n\t\t<\/section>\n\t\t\t\t<\/div>","protected":false},"excerpt":{"rendered":"<p>Das Studio Realistisch, hochqualitativ und vor allem glaubw\u00fcrdig: die Make-Up-Spezialeffekte von Twilight Creations bereichern seit 2005 die internationale Filmszene. Vor bald 20 Jahren lernten sich Tamar Aviv und J\u00f6rn Seifert in den R\u00e4umen kennen, die sp\u00e4ter ihr Firmenatelier werden sollten. Aus ihrer gemeinsamen Begeisterung f\u00fcr die Arbeit als Special Effect Make-Up Artists, f\u00fcr wirklich authentische [&hellip;]<\/p>\n","protected":false},"author":1,"featured_media":0,"parent":0,"menu_order":0,"comment_status":"closed","ping_status":"closed","template":"","meta":{"footnotes":""},"class_list":["post-1406","page","type-page","status-publish","hentry"],"yoast_head":"<!-- This site is optimized with the Yoast SEO plugin v27.4 - https:\/\/yoast.com\/product\/yoast-seo-wordpress\/ -->\n<title>Das Studio - Twilight Creations - Make up SFX<\/title>\n<meta name=\"description\" content=\"Das Studio - Twilight Creations - Make up SFX - \u00dcber die Entstehung der Firma - Make up Special Effects Berlin - f\u00fcr Kino, TV und Serie\" \/>\n<meta name=\"robots\" content=\"index, follow, max-snippet:-1, max-image-preview:large, max-video-preview:-1\" \/>\n<link rel=\"canonical\" href=\"https:\/\/tc-effects.com\/en\/studio\/\" \/>\n<meta property=\"og:locale\" content=\"en_US\" \/>\n<meta property=\"og:type\" content=\"article\" \/>\n<meta property=\"og:title\" content=\"Das Studio - Twilight Creations - Make up SFX\" \/>\n<meta property=\"og:description\" content=\"Das Studio - Twilight Creations - Make up SFX - \u00dcber die Entstehung der Firma - Make up Special Effects Berlin - f\u00fcr Kino, TV und Serie\" \/>\n<meta property=\"og:url\" content=\"https:\/\/tc-effects.com\/en\/studio\/\" \/>\n<meta property=\"og:site_name\" content=\"tc-effects.com\" \/>\n<meta property=\"article:modified_time\" content=\"2022-03-30T08:38:01+00:00\" \/>\n<meta property=\"og:image\" content=\"https:\/\/tc-effects.com\/wp-content\/uploads\/2022\/03\/Hallway_TC-821x1024.jpg\" \/>\n<meta name=\"twitter:card\" content=\"summary_large_image\" \/>\n<meta name=\"twitter:label1\" content=\"Est. reading time\" \/>\n\t<meta name=\"twitter:data1\" content=\"3 minutes\" \/>\n<script type=\"application\/ld+json\" class=\"yoast-schema-graph\">{\"@context\":\"https:\\\/\\\/schema.org\",\"@graph\":[{\"@type\":\"WebPage\",\"@id\":\"https:\\\/\\\/tc-effects.com\\\/studio\\\/\",\"url\":\"https:\\\/\\\/tc-effects.com\\\/studio\\\/\",\"name\":\"Das Studio - Twilight Creations - Make up SFX\",\"isPartOf\":{\"@id\":\"https:\\\/\\\/tc-effects.com\\\/#website\"},\"primaryImageOfPage\":{\"@id\":\"https:\\\/\\\/tc-effects.com\\\/studio\\\/#primaryimage\"},\"image\":{\"@id\":\"https:\\\/\\\/tc-effects.com\\\/studio\\\/#primaryimage\"},\"thumbnailUrl\":\"https:\\\/\\\/tc-effects.com\\\/wp-content\\\/uploads\\\/2022\\\/03\\\/Hallway_TC-821x1024.jpg\",\"datePublished\":\"2022-02-07T09:24:44+00:00\",\"dateModified\":\"2022-03-30T08:38:01+00:00\",\"description\":\"Das Studio - Twilight Creations - Make up SFX - \u00dcber die Entstehung der Firma - Make up Special Effects Berlin - f\u00fcr Kino, TV und Serie\",\"breadcrumb\":{\"@id\":\"https:\\\/\\\/tc-effects.com\\\/studio\\\/#breadcrumb\"},\"inLanguage\":\"en-US\",\"potentialAction\":[{\"@type\":\"ReadAction\",\"target\":[\"https:\\\/\\\/tc-effects.com\\\/studio\\\/\"]}]},{\"@type\":\"ImageObject\",\"inLanguage\":\"en-US\",\"@id\":\"https:\\\/\\\/tc-effects.com\\\/studio\\\/#primaryimage\",\"url\":\"https:\\\/\\\/tc-effects.com\\\/wp-content\\\/uploads\\\/2022\\\/03\\\/Hallway_TC-821x1024.jpg\",\"contentUrl\":\"https:\\\/\\\/tc-effects.com\\\/wp-content\\\/uploads\\\/2022\\\/03\\\/Hallway_TC-821x1024.jpg\"},{\"@type\":\"BreadcrumbList\",\"@id\":\"https:\\\/\\\/tc-effects.com\\\/studio\\\/#breadcrumb\",\"itemListElement\":[{\"@type\":\"ListItem\",\"position\":1,\"name\":\"Startseite\",\"item\":\"https:\\\/\\\/tc-effects.com\\\/\"},{\"@type\":\"ListItem\",\"position\":2,\"name\":\"Studio\"}]},{\"@type\":\"WebSite\",\"@id\":\"https:\\\/\\\/tc-effects.com\\\/#website\",\"url\":\"https:\\\/\\\/tc-effects.com\\\/\",\"name\":\"tc-effects.com\",\"description\":\"Make up SXF\",\"potentialAction\":[{\"@type\":\"SearchAction\",\"target\":{\"@type\":\"EntryPoint\",\"urlTemplate\":\"https:\\\/\\\/tc-effects.com\\\/?s={search_term_string}\"},\"query-input\":{\"@type\":\"PropertyValueSpecification\",\"valueRequired\":true,\"valueName\":\"search_term_string\"}}],\"inLanguage\":\"en-US\"}]}<\/script>\n<!-- \/ Yoast SEO plugin. -->","yoast_head_json":{"title":"Das Studio - Twilight Creations - Make up SFX","description":"Das Studio - Twilight Creations - Make up SFX - \u00dcber die Entstehung der Firma - Make up Special Effects Berlin - f\u00fcr Kino, TV und Serie","robots":{"index":"index","follow":"follow","max-snippet":"max-snippet:-1","max-image-preview":"max-image-preview:large","max-video-preview":"max-video-preview:-1"},"canonical":"https:\/\/tc-effects.com\/en\/studio\/","og_locale":"en_US","og_type":"article","og_title":"Das Studio - Twilight Creations - Make up SFX","og_description":"Das Studio - Twilight Creations - Make up SFX - \u00dcber die Entstehung der Firma - Make up Special Effects Berlin - f\u00fcr Kino, TV und Serie","og_url":"https:\/\/tc-effects.com\/en\/studio\/","og_site_name":"tc-effects.com","article_modified_time":"2022-03-30T08:38:01+00:00","og_image":[{"url":"https:\/\/tc-effects.com\/wp-content\/uploads\/2022\/03\/Hallway_TC-821x1024.jpg","type":"","width":"","height":""}],"twitter_card":"summary_large_image","twitter_misc":{"Est. reading time":"3 minutes"},"schema":{"@context":"https:\/\/schema.org","@graph":[{"@type":"WebPage","@id":"https:\/\/tc-effects.com\/studio\/","url":"https:\/\/tc-effects.com\/studio\/","name":"Das Studio - Twilight Creations - Make up SFX","isPartOf":{"@id":"https:\/\/tc-effects.com\/#website"},"primaryImageOfPage":{"@id":"https:\/\/tc-effects.com\/studio\/#primaryimage"},"image":{"@id":"https:\/\/tc-effects.com\/studio\/#primaryimage"},"thumbnailUrl":"https:\/\/tc-effects.com\/wp-content\/uploads\/2022\/03\/Hallway_TC-821x1024.jpg","datePublished":"2022-02-07T09:24:44+00:00","dateModified":"2022-03-30T08:38:01+00:00","description":"Das Studio - Twilight Creations - Make up SFX - \u00dcber die Entstehung der Firma - Make up Special Effects Berlin - f\u00fcr Kino, TV und Serie","breadcrumb":{"@id":"https:\/\/tc-effects.com\/studio\/#breadcrumb"},"inLanguage":"en-US","potentialAction":[{"@type":"ReadAction","target":["https:\/\/tc-effects.com\/studio\/"]}]},{"@type":"ImageObject","inLanguage":"en-US","@id":"https:\/\/tc-effects.com\/studio\/#primaryimage","url":"https:\/\/tc-effects.com\/wp-content\/uploads\/2022\/03\/Hallway_TC-821x1024.jpg","contentUrl":"https:\/\/tc-effects.com\/wp-content\/uploads\/2022\/03\/Hallway_TC-821x1024.jpg"},{"@type":"BreadcrumbList","@id":"https:\/\/tc-effects.com\/studio\/#breadcrumb","itemListElement":[{"@type":"ListItem","position":1,"name":"Startseite","item":"https:\/\/tc-effects.com\/"},{"@type":"ListItem","position":2,"name":"Studio"}]},{"@type":"WebSite","@id":"https:\/\/tc-effects.com\/#website","url":"https:\/\/tc-effects.com\/","name":"tc-effects.com","description":"Make up SXF","potentialAction":[{"@type":"SearchAction","target":{"@type":"EntryPoint","urlTemplate":"https:\/\/tc-effects.com\/?s={search_term_string}"},"query-input":{"@type":"PropertyValueSpecification","valueRequired":true,"valueName":"search_term_string"}}],"inLanguage":"en-US"}]}},"_links":{"self":[{"href":"https:\/\/tc-effects.com\/en\/wp-json\/wp\/v2\/pages\/1406","targetHints":{"allow":["GET"]}}],"collection":[{"href":"https:\/\/tc-effects.com\/en\/wp-json\/wp\/v2\/pages"}],"about":[{"href":"https:\/\/tc-effects.com\/en\/wp-json\/wp\/v2\/types\/page"}],"author":[{"embeddable":true,"href":"https:\/\/tc-effects.com\/en\/wp-json\/wp\/v2\/users\/1"}],"replies":[{"embeddable":true,"href":"https:\/\/tc-effects.com\/en\/wp-json\/wp\/v2\/comments?post=1406"}],"version-history":[{"count":10,"href":"https:\/\/tc-effects.com\/en\/wp-json\/wp\/v2\/pages\/1406\/revisions"}],"predecessor-version":[{"id":3497,"href":"https:\/\/tc-effects.com\/en\/wp-json\/wp\/v2\/pages\/1406\/revisions\/3497"}],"wp:attachment":[{"href":"https:\/\/tc-effects.com\/en\/wp-json\/wp\/v2\/media?parent=1406"}],"curies":[{"name":"wp","href":"https:\/\/api.w.org\/{rel}","templated":true}]}}